{"id":6372,"date":"2024-11-21T13:06:08","date_gmt":"2024-11-21T13:06:08","guid":{"rendered":"https:\/\/masdenadal.com\/camping-engagements-lot\/"},"modified":"2025-01-23T16:05:18","modified_gmt":"2025-01-23T16:05:18","slug":"camping-verpflichtungen-lot","status":"publish","type":"page","link":"https:\/\/masdenadal.com\/de\/camping-verpflichtungen-lot\/","title":{"rendered":"Unsere Verpflichtungen und Labels"},"content":{"rendered":"\n<section class=\"wp-block-group alignfull gt-home-first overflow-hidden has-base-2-background-color has-background is-layout-flow wp-block-group-is-layout-flow\" style=\"padding-top:7rem\">\n<div class=\"wp-block-columns gt-main-group is-layout-flex wp-container-core-columns-is-layout-fcaf547a wp-block-columns-is-layout-flex\" style=\"padding-right:var(--wp--preset--spacing--60);padding-left:var(--wp--preset--spacing--60)\">\n<div class=\"wp-block-column is-layout-flow wp-block-column-is-layout-flow\" style=\"flex-basis:55%\">\n<figure class=\"wp-block-image size-full is-resized img-parallax\"><a href=\"https:\/\/masdenadal.com\/wp-content\/uploads\/2025\/01\/chemin-nature-aux-lodges-mas-de-nadal.webp\"><img decoding=\"async\" width=\"1000\" height=\"1833\" src=\"https:\/\/masdenadal.com\/wp-content\/uploads\/2025\/01\/chemin-nature-aux-lodges-mas-de-nadal.webp\" alt=\"Naturpfad zu den Lodges Mas de Nadal\" class=\"wp-image-5050\" style=\"aspect-ratio:1;object-fit:cover;width:562px\" srcset=\"https:\/\/masdenadal.com\/wp-content\/uploads\/2025\/01\/chemin-nature-aux-lodges-mas-de-nadal.webp 1000w, https:\/\/masdenadal.com\/wp-content\/uploads\/2025\/01\/chemin-nature-aux-lodges-mas-de-nadal-164x300.webp 164w, https:\/\/masdenadal.com\/wp-content\/uploads\/2025\/01\/chemin-nature-aux-lodges-mas-de-nadal-559x1024.webp 559w, https:\/\/masdenadal.com\/wp-content\/uploads\/2025\/01\/chemin-nature-aux-lodges-mas-de-nadal-768x1408.webp 768w, https:\/\/masdenadal.com\/wp-content\/uploads\/2025\/01\/chemin-nature-aux-lodges-mas-de-nadal-838x1536.webp 838w\" sizes=\"(max-width: 1000px) 100vw, 1000px\" \/><\/a><\/figure>\n<\/div>\n\n\n\n<div class=\"wp-block-column has-base-color has-text-color has-link-color wp-elements-7e6891efc3ecde6ac6d06e16d06c0c49 is-layout-flow wp-block-column-is-layout-flow\" style=\"padding-top:var(--wp--preset--spacing--40);flex-basis:45%\">\n<div class=\"wp-block-group is-layout-flow wp-block-group-is-layout-flow\">\n<figure class=\"wp-block-image size-full is-resized gt-illustration__vague animated fadeInLeft delay-100ms slow wp-duotone-d89b46-d89b46-1\" style=\"margin-bottom:-10rem;margin-left:-10rem\"><img decoding=\"async\" src=\"https:\/\/masdenadal.com\/wp-content\/uploads\/2024\/12\/vagues.svg\" alt=\"Wellen\" class=\"wp-image-630\" style=\"width:300px\"\/><\/figure>\n\n\n\n<h1 class=\"wp-block-heading has-base-color has-text-color has-link-color wp-elements-e26440f4ccd4ec0ae76353190047d1fb\">Die Naturverpflichtungen unseres Campingplatzes in Causses du Quercy<\/h1>\n<\/div>\n\n\n\n<div style=\"height:2rem\" aria-hidden=\"true\" class=\"wp-block-spacer gt-show-mobile gt-show-mobile\"><\/div>\n\n\n\n<p>Auf Mas de Nadal, im Park Causses du Quercy, ist es uns ein Anliegen, die gr\u00fcne Umgebung zu erhalten, in der wir Sie empfangen. <\/p>\n\n\n\n<p>Mit einer Buchung auf unserem Landgut in der N\u00e4he von <a href=\"https:\/\/masdenadal.com\/de\/\" data-type=\"page\" data-id=\"5\"><strong>Saint-Cirq-Lapopie<\/strong><\/a>entscheiden Sie sich f\u00fcr einen Campingplatz mit einem <strong>starken Engagement f\u00fcr die Umwelt<\/strong>. <\/p>\n<\/div>\n<\/div>\n\n\n\n<figure class=\"wp-block-image alignright size-full is-resized wp-duotone-unset-2\" style=\"margin-top:-16rem;margin-right:-15rem;margin-bottom:-10rem\"><img decoding=\"async\" src=\"https:\/\/masdenadal.com\/wp-content\/uploads\/2024\/12\/symbole-logo.svg\" alt=\"Symbol Logo\" class=\"wp-image-1929\" style=\"object-fit:cover;width:600px;height:600px\"\/><\/figure>\n\n\n\n<div class=\"wp-block-group alignfull gt-illustrations-deco has-global-padding is-layout-constrained wp-container-core-group-is-layout-899e4275 wp-block-group-is-layout-constrained\" style=\"margin-top:-54rem;padding-top:0rem;padding-right:0px;padding-bottom:0rem;padding-left:0px\">\n<figure class=\"wp-block-image size-full\" style=\"margin-left:-160px\"><img decoding=\"async\" src=\"https:\/\/masdenadal.com\/wp-content\/uploads\/2024\/12\/pointillers.svg\" alt=\"Pointillers\" class=\"wp-image-573\"\/><\/figure>\n<\/div>\n<\/section>\n\n<section class=\"wp-block-group alignfull gt-home-second is-layout-flow wp-block-group-is-layout-flow\" style=\"margin-top:0px;padding-top:0px\">\n<svg xmlns=\"http:\/\/www.w3.org\/2000\/svg\" id=\"Calque_1\" version=\"1.1\" viewbox=\"0 0 151.7 147.8\" height=\"0\" width:=\"\">\n    <defs>\n    <clippath id=\"myClip\">\n  <!-- Generator: Adobe Illustrator 29.1.0, SVG Export Plug-In . SVG Version: 2.1.0 Build 142) -->\n  <path d=\"M7.7,73.1s2.9-.2,7.2-5.5,14-16.7,23.6-16.8,15.2,3.7,19.5,6.9,4.5,3.4,4.5,3.4c0,0-3.5-6.1-6.4-10.6s-5-14.2-1.2-21.7,12.3-13.3,16.1-17.4,4-5.8,4-5.8c0,0,1.2,3.8,4.4,6.2s17.2,13.6,17.8,23.5c.6,9.9-3.9,17.1-8.5,23.1,0,0,12.6-9.7,22.1-8.4s13.3,6.2,17.2,9.7c3.9,3.6,8.9,10.1,13.7,13.3,0,0-5.2,2.9-13.7,12.5-8.5,9.6-14.4,9.8-19.8,9.8s-19.4-7.1-21.6-8.4c0,0,13,8.7,9.8,24.9-2.7,13.2-16.5,16.5-22,28,0,0-1.3-3.8-7.7-9-6.4-5.2-14.4-12.9-15.1-22.2s6.5-18.4,10.1-22.2c0,0-9.9,8.2-19.7,8.8s-15.8-4.6-20.9-9.8-8.3-10.1-13.4-12.4Z\"><\/path>\n          <\/clippath>\n  <\/defs>\n<\/svg>\n\n\n\n<div class=\"wp-block-cover gt-home-second__image\" style=\"margin-top:-22px;padding-top:0px;min-height:100vh;aspect-ratio:unset;\"><span aria-hidden=\"true\" class=\"wp-block-cover__background has-background-dim-10 has-background-dim wp-block-cover__gradient-background has-background-gradient\" style=\"background:linear-gradient(0deg,rgb(0,0,0) 21%,rgba(0,0,0,0) 73%)\"><\/span><img decoding=\"async\" width=\"1920\" height=\"670\" class=\"wp-block-cover__image-background wp-image-3144\" alt=\"camping nature proche de quercy\" src=\"https:\/\/masdenadal.com\/wp-content\/uploads\/2025\/01\/camping-nature-proche-de-quercy.webp\" data-object-fit=\"cover\" srcset=\"https:\/\/masdenadal.com\/wp-content\/uploads\/2025\/01\/camping-nature-proche-de-quercy.webp 1920w, https:\/\/masdenadal.com\/wp-content\/uploads\/2025\/01\/camping-nature-proche-de-quercy-300x105.webp 300w, https:\/\/masdenadal.com\/wp-content\/uploads\/2025\/01\/camping-nature-proche-de-quercy-1024x357.webp 1024w, https:\/\/masdenadal.com\/wp-content\/uploads\/2025\/01\/camping-nature-proche-de-quercy-768x268.webp 768w, https:\/\/masdenadal.com\/wp-content\/uploads\/2025\/01\/camping-nature-proche-de-quercy-1536x536.webp 1536w\" sizes=\"(max-width: 1920px) 100vw, 1920px\" \/><div class=\"wp-block-cover__inner-container is-layout-flow wp-block-cover-is-layout-flow\">\n<div class=\"wp-block-group alignfull titre-decoratif has-global-padding is-layout-constrained wp-container-core-group-is-layout-2a09996c wp-block-group-is-layout-constrained\" style=\"padding-top:3rem;padding-right:0px;padding-bottom:3rem;padding-left:0px\">\n<div class=\"wp-block-group is-layout-flow wp-block-group-is-layout-flow\" style=\"padding-right:0px;padding-left:0px\">\n<p class=\"has-text-align-center has-marcellus-sc-font-family\" style=\"font-size:clamp(51.347px, 3.209rem + ((1vw - 3.2px) * 5.381), 103px);text-transform:uppercase\">Campingplatz<\/p>\n<\/div>\n\n\n\n<div class=\"wp-block-group is-vertical is-content-justification-center is-nowrap is-layout-flex wp-container-core-group-is-layout-de053ff4 wp-block-group-is-layout-flex\" style=\"margin-top:-40px\">\n<p class=\"has-text-align-center has-marcellus-sc-font-family\" style=\"font-size:clamp(36.08px, 2.255rem + ((1vw - 3.2px) * 3.117), 66px);line-height:1.1;text-transform:uppercase\">Natur<\/p>\n\n\n\n<figure class=\"wp-block-image size-full is-resized\" style=\"margin-top:-1rem\"><img decoding=\"async\" width=\"488\" height=\"15\" src=\"https:\/\/masdenadal.com\/wp-content\/uploads\/2024\/11\/trait-craie.webp\" alt=\"Kreidestrich\" class=\"wp-image-438\" style=\"width:435px\" srcset=\"https:\/\/masdenadal.com\/wp-content\/uploads\/2024\/11\/trait-craie.webp 488w, https:\/\/masdenadal.com\/wp-content\/uploads\/2024\/11\/trait-craie-300x9.webp 300w\" sizes=\"(max-width: 488px) 100vw, 488px\" \/><\/figure>\n<\/div>\n<\/div>\n\n\n\n<p class=\"has-text-align-center has-large-font-size\"><\/p>\n<\/div><\/div>\n<\/section>\n\n<section class=\"wp-block-group alignfull overflow-hidden gt-page-second has-contrast-2-background-color has-background is-layout-flow wp-block-group-is-layout-flow\" style=\"margin-top:0px;padding-top:10rem;padding-right:var(--wp--preset--spacing--60);padding-bottom:10rem;padding-left:var(--wp--preset--spacing--60)\">\n<div class=\"wp-block-columns is-layout-flex wp-container-core-columns-is-layout-428e6669 wp-block-columns-is-layout-flex\">\n<div class=\"wp-block-column has-base-color has-text-color has-link-color wp-elements-0e3a9ab0f4e77b3731322febedd5166b is-layout-flow wp-block-column-is-layout-flow\" style=\"padding-top:var(--wp--preset--spacing--40);flex-basis:45%\">\n<div class=\"wp-block-group is-layout-flow wp-block-group-is-layout-flow\">\n<h2 class=\"wp-block-heading has-base-color has-text-color has-link-color wp-elements-355f904ff2d61992c03c679cdc8f4f17\">Engagiert f\u00fcr Naturtourismus<\/h2>\n\n\n\n<figure class=\"wp-block-image size-full is-resized gt-illustration__vague animated fadeInLeft delay-100ms slow wp-duotone-d89b46-6b5437-3\" style=\"margin-top:-6rem;margin-left:-10rem\"><img decoding=\"async\" src=\"https:\/\/masdenadal.com\/wp-content\/uploads\/2024\/12\/vagues.svg\" alt=\"Wellen\" class=\"wp-image-630\" style=\"width:300px\"\/><\/figure>\n<\/div>\n\n\n\n<p>Im Alltag tragen viele Dinge zum Erhalt unseres Planeten bei. <\/p>\n\n\n\n<p>Ein <strong>nachhaltiger Ansatz<\/strong> beginnt mit den richtigen Reflexen, wie z.B. die Verwendung von Planen, um die W\u00e4rme des Pools zu erhalten, oder die sofortige Reparatur von Defekten, die zu Wasserverlust in unseren R\u00e4umlichkeiten f\u00fchren k\u00f6nnten. <\/p>\n\n\n\n<p>Es bedeutet auch, dass wir Ihnen eine <strong>Unterkunft mit geringer Umweltbelastung<\/strong> anbieten, die sich gut in die nat\u00fcrliche Umgebung einf\u00fcgt und f\u00fcr die kein Holz gef\u00e4llt werden musste. <\/p>\n\n\n\n<p>In Mas de Nadal, in einem <strong><a href=\"https:\/\/masdenadal.com\/de\/vermietung-ungewoehnlich-lot\/\" data-type=\"page\" data-id=\"12\">Lodge<\/a><\/strong> oder auf einem <strong><a href=\"https:\/\/masdenadal.com\/de\/vermietung-stellplatz-lot\/\" data-type=\"page\" data-id=\"13\">Stellplatz<\/a><\/strong>Sie werden die geringe Bebauungsdichte und die Qualit\u00e4t der Geb\u00e4ude, die aus <strong>edlen und \u00f6kologischen Materialien<\/strong> bestehen, zu sch\u00e4tzen wissen.<\/p>\n<\/div>\n\n\n\n<div class=\"wp-block-column is-layout-flow wp-block-column-is-layout-flow\" style=\"flex-basis:55%\">\n<figure class=\"wp-block-image size-full is-resized\"><a href=\"https:\/\/masdenadal.com\/wp-content\/uploads\/2025\/01\/camping-nature-quercy.webp\"><img decoding=\"async\" width=\"562\" height=\"750\" src=\"https:\/\/masdenadal.com\/wp-content\/uploads\/2025\/01\/camping-nature-quercy.webp\" alt=\"camping nature quercy\" class=\"wp-image-3135\" style=\"aspect-ratio:1;object-fit:cover;width:562px\" srcset=\"https:\/\/masdenadal.com\/wp-content\/uploads\/2025\/01\/camping-nature-quercy.webp 562w, https:\/\/masdenadal.com\/wp-content\/uploads\/2025\/01\/camping-nature-quercy-225x300.webp 225w\" sizes=\"(max-width: 562px) 100vw, 562px\" \/><\/a><\/figure>\n<\/div>\n<\/div>\n\n\n\n<figure class=\"wp-block-image alignright size-full gt-image-pointille z-index wp-duotone-6b5437-453a39-4\" style=\"margin-top:-525px;margin-right:-150px\"><img decoding=\"async\" width=\"722\" height=\"673\" src=\"https:\/\/masdenadal.com\/wp-content\/uploads\/2024\/12\/palmier-edited.webp\" alt=\"Palme\" class=\"wp-image-1971\" srcset=\"https:\/\/masdenadal.com\/wp-content\/uploads\/2024\/12\/palmier-edited.webp 722w, https:\/\/masdenadal.com\/wp-content\/uploads\/2024\/12\/palmier-edited-300x280.webp 300w\" sizes=\"(max-width: 722px) 100vw, 722px\" \/><\/figure>\n<\/section>\n\n<section class=\"wp-block-group alignfull gt-home-fifth ter is-layout-flow wp-block-group-is-layout-flow\" style=\"margin-bottom:0px;padding-top:10rem;padding-right:0;padding-bottom:10rem;padding-left:0rem\">\n<div class=\"wp-block-group alignfull deco-wrapper has-global-padding is-layout-constrained wp-container-core-group-is-layout-c774a85c wp-block-group-is-layout-constrained\" style=\"margin-top:-200px;padding-right:0rem;padding-bottom:10rem;padding-left:0rem\">\n<figure class=\"wp-block-image alignfull size-full deco wp-container-content-f58ced2e wp-duotone-ffffff-ffffff-5\"><img alt=\"deco\" decoding=\"async\" width=\"2015\" height=\"28\" src=\"https:\/\/masdenadal.com\/wp-content\/uploads\/2024\/12\/deco-edited-1.webp\" alt=\"\" class=\"wp-image-792\" srcset=\"https:\/\/masdenadal.com\/wp-content\/uploads\/2024\/12\/deco-edited-1.webp 2015w, https:\/\/masdenadal.com\/wp-content\/uploads\/2024\/12\/deco-edited-1-300x4.webp 300w, https:\/\/masdenadal.com\/wp-content\/uploads\/2024\/12\/deco-edited-1-1024x14.webp 1024w, https:\/\/masdenadal.com\/wp-content\/uploads\/2024\/12\/deco-edited-1-768x11.webp 768w, https:\/\/masdenadal.com\/wp-content\/uploads\/2024\/12\/deco-edited-1-1536x21.webp 1536w\" sizes=\"(max-width: 2015px) 100vw, 2015px\" \/><\/figure>\n<\/div>\n\n\n\n<div class=\"wp-block-columns is-layout-flex wp-container-core-columns-is-layout-fcaf547a wp-block-columns-is-layout-flex\" style=\"padding-right:var(--wp--preset--spacing--60);padding-left:var(--wp--preset--spacing--60)\">\n<div class=\"wp-block-column is-layout-flow wp-block-column-is-layout-flow\">\n<figure class=\"wp-block-image size-full is-resized\"><img decoding=\"async\" width=\"544\" height=\"768\" src=\"https:\/\/masdenadal.com\/wp-content\/uploads\/2025\/01\/label-valeurs-parc-naturel-regional-de-quercy.webp\" alt=\"Label Werte regionaler Naturpark Quercy\" class=\"wp-image-3131\" style=\"aspect-ratio:3\/4;object-fit:cover;width:562px\" srcset=\"https:\/\/masdenadal.com\/wp-content\/uploads\/2025\/01\/label-valeurs-parc-naturel-regional-de-quercy.webp 544w, https:\/\/masdenadal.com\/wp-content\/uploads\/2025\/01\/label-valeurs-parc-naturel-regional-de-quercy-213x300.webp 213w\" sizes=\"(max-width: 544px) 100vw, 544px\" \/><\/figure>\n<\/div>\n\n\n\n<div class=\"wp-block-column is-layout-flow wp-block-column-is-layout-flow\" style=\"padding-top:var(--wp--preset--spacing--40)\">\n<div class=\"wp-block-group is-layout-flow wp-block-group-is-layout-flow\">\n<h2 class=\"wp-block-heading\">Unsere G\u00fctesiegel<\/h2>\n\n\n\n<figure class=\"wp-block-image size-full is-resized gt-illustration__vague animated fadeInLeft delay-100ms slow wp-duotone-d89b46-d89b46-6\" style=\"margin-top:-6rem;margin-left:-10rem\"><img decoding=\"async\" src=\"https:\/\/masdenadal.com\/wp-content\/uploads\/2024\/12\/vagues.svg\" alt=\"Wellen\" class=\"wp-image-630\" style=\"width:300px\"\/><\/figure>\n<\/div>\n\n\n\n<p>F\u00fcr unseren Ansatz haben wir <strong>mehrere Natur-Labels<\/strong> erhalten: <\/p>\n\n\n\n<ul class=\"wp-block-list\">\n<li><strong>Esprit Lot<\/strong>: ein Label f\u00fcr hervorragende Qualit\u00e4t, das Campingpl\u00e4tze auszeichnet, die an einer immer besseren Personalisierung ihres Empfangs arbeiten. <\/li>\n\n\n\n<li><strong>Wert Regionaler Naturpark Causses du Quercy<\/strong>: ein Label, das die Campingpl\u00e4tze des Departements Lot auszeichnet, die sich an der Seite des Parks f\u00fcr den Respekt der Natur, die Belebung der lokalen Wirtschaft und die Entfaltung der Menschen einsetzen.<\/li>\n<\/ul>\n\n\n\n<p>Diese verschiedenen Labels garantieren Ihnen, dass Sie auf <strong>einem Campingplatz mit einer starken territorialen Verankerung<\/strong> buchen, der versucht, das Erbe von <strong><a href=\"https:\/\/masdenadal.com\/de\/tourismus-lot\/\" data-type=\"page\" data-id=\"17\">Lot<\/a><\/strong> Der Campingplatz ist ein Ort, an <strong>dem<\/strong> Sie sich wohlf\u00fchlen werden.<\/p>\n<\/div>\n<\/div>\n<\/section>\n\n<section class=\"wp-block-group alignfull gt-home-fifth ter is-layout-flow wp-block-group-is-layout-flow\" style=\"margin-bottom:0px;padding-top:10rem;padding-right:0;padding-bottom:10rem;padding-left:0rem\">\n<div class=\"wp-block-group alignfull is-content-justification-center is-nowrap is-layout-flex wp-container-core-group-is-layout-77325208 wp-block-group-is-layout-flex\" style=\"margin-top:-205px;padding-right:0rem;padding-bottom:10rem;padding-left:0rem\">\n<figure class=\"wp-block-image size-full is-resized wp-container-content-f58ced2e wp-duotone-ffffff-ffffff-7\"><img alt=\"deco\" decoding=\"async\" width=\"2015\" height=\"28\" src=\"https:\/\/masdenadal.com\/wp-content\/uploads\/2024\/12\/deco-edited-1.webp\" alt=\"\" class=\"wp-image-792\" style=\"width:2000px\" srcset=\"https:\/\/masdenadal.com\/wp-content\/uploads\/2024\/12\/deco-edited-1.webp 2015w, https:\/\/masdenadal.com\/wp-content\/uploads\/2024\/12\/deco-edited-1-300x4.webp 300w, https:\/\/masdenadal.com\/wp-content\/uploads\/2024\/12\/deco-edited-1-1024x14.webp 1024w, https:\/\/masdenadal.com\/wp-content\/uploads\/2024\/12\/deco-edited-1-768x11.webp 768w, https:\/\/masdenadal.com\/wp-content\/uploads\/2024\/12\/deco-edited-1-1536x21.webp 1536w\" sizes=\"(max-width: 2015px) 100vw, 2015px\" \/><\/figure>\n<\/div>\n\n\n\n<div class=\"wp-block-group alignfull titre-decoratif has-global-padding is-content-justification-left is-layout-constrained wp-container-core-group-is-layout-0621f06a wp-block-group-is-layout-constrained\" style=\"margin-bottom:3rem;padding-top:3rem;padding-right:0px;padding-bottom:3rem;padding-left:0px\">\n<div class=\"wp-block-group alignfull first is-layout-flow wp-block-group-is-layout-flow\" style=\"padding-right:0px;padding-left:0px\">\n<p class=\"has-text-align-center has-marcellus-sc-font-family\" style=\"font-size:clamp(51.347px, 3.209rem + ((1vw - 3.2px) * 5.381), 103px);text-transform:uppercase\">Entdecken Sie<\/p>\n<\/div>\n\n\n\n<div class=\"wp-block-group second is-vertical is-content-justification-center is-nowrap is-layout-flex wp-container-core-group-is-layout-de053ff4 wp-block-group-is-layout-flex\" style=\"margin-top:-40px\">\n<p class=\"has-text-align-center has-marcellus-sc-font-family\" style=\"font-size:clamp(36.08px, 2.255rem + ((1vw - 3.2px) * 3.117), 66px);line-height:1.1;text-transform:uppercase\">Der Geist des Glamping, Das Paradies f\u00fcr Sportler <br\/>und Die Pilgeretappe<\/p>\n\n\n\n<figure class=\"wp-block-image size-full is-resized\" style=\"margin-top:-1rem\"><img decoding=\"async\" width=\"488\" height=\"15\" src=\"https:\/\/masdenadal.com\/wp-content\/uploads\/2024\/11\/trait-craie.webp\" alt=\"Kreidestrich\" class=\"wp-image-438\" style=\"width:435px\" srcset=\"https:\/\/masdenadal.com\/wp-content\/uploads\/2024\/11\/trait-craie.webp 488w, https:\/\/masdenadal.com\/wp-content\/uploads\/2024\/11\/trait-craie-300x9.webp 300w\" sizes=\"(max-width: 488px) 100vw, 488px\" \/><\/figure>\n<\/div>\n<\/div>\n\n\n\n<div class=\"wp-block-group is-layout-flow wp-block-group-is-layout-flow\" style=\"padding-right:var(--wp--preset--spacing--60);padding-left:var(--wp--preset--spacing--60)\">\n<div class=\"wp-block-query alignfull gt-is-slider gt-is-slider-desktop is-layout-flow wp-block-query-is-layout-flow\"><ul class=\"wp-block-post-template is-layout-grid wp-container-core-post-template-is-layout-c37e0d04 wp-block-post-template-is-layout-grid\"><li class=\"wp-block-post post-6355 page type-page status-publish has-post-thumbnail hentry\">\n\n<div class=\"wp-block-group overflow-hidden gt-maillage has-global-padding is-layout-constrained wp-block-group-is-layout-constrained\">\n<figure class=\"wp-block-image gt-maillage__image\"><img decoding=\"async\" src=\"https:\/\/masdenadal.com\/wp-content\/uploads\/2025\/01\/pelerins-du-chemin-de-santiago.webp\" alt=\"Pilgeretappe\" style=\"aspect-ratio:3\/4;object-fit:cover\"\/><\/figure>\n\n\n\n<div class=\"wp-block-group gt-maillage__title has-global-padding is-content-justification-center is-layout-constrained wp-container-core-group-is-layout-1a1d2b18 wp-block-group-is-layout-constrained\" style=\"border-bottom-color:var(--wp--preset--color--base);border-bottom-width:2px;padding-top:0.5rem;padding-bottom:0.5rem\">\n<p class=\"has-text-align-right has-base-color has-text-color has-link-color wp-elements-73c6c40f9dfc520c8d069128cf3eada1\" style=\"border-bottom-style:none;border-bottom-width:0px;font-size:clamp(0.875rem, 0.875rem + ((1vw - 0.2rem) * 0.708), 1.3rem);font-style:normal;font-weight:300;text-transform:uppercase\">Pilgeretappe<\/p>\n<\/div>\n\n\n<a class=\"is-style-lien-cover wp-block-read-more\" href=\"https:\/\/masdenadal.com\/de\/camping-fuer-pilge-und-wanderer-im-lot\/\" target=\"_self\">Weiterlesen<span class=\"screen-reader-text\">: Pilgeretappe<\/span><\/a><\/div>\n\n<\/li><li class=\"wp-block-post post-6446 page type-page status-publish has-post-thumbnail hentry\">\n\n<div class=\"wp-block-group overflow-hidden gt-maillage has-global-padding is-layout-constrained wp-block-group-is-layout-constrained\">\n<figure class=\"wp-block-image gt-maillage__image\"><img decoding=\"async\" src=\"https:\/\/masdenadal.com\/wp-content\/uploads\/2025\/01\/camping-esprit-glamping.webp\" alt=\"Der Geist des Glamping\" style=\"aspect-ratio:3\/4;object-fit:cover\"\/><\/figure>\n\n\n\n<div class=\"wp-block-group gt-maillage__title has-global-padding is-content-justification-center is-layout-constrained wp-container-core-group-is-layout-1a1d2b18 wp-block-group-is-layout-constrained\" style=\"border-bottom-color:var(--wp--preset--color--base);border-bottom-width:2px;padding-top:0.5rem;padding-bottom:0.5rem\">\n<p class=\"has-text-align-right has-base-color has-text-color has-link-color wp-elements-73c6c40f9dfc520c8d069128cf3eada1\" style=\"border-bottom-style:none;border-bottom-width:0px;font-size:clamp(0.875rem, 0.875rem + ((1vw - 0.2rem) * 0.708), 1.3rem);font-style:normal;font-weight:300;text-transform:uppercase\">Der Geist des Glamping<\/p>\n<\/div>\n\n\n<a class=\"is-style-lien-cover wp-block-read-more\" href=\"https:\/\/masdenadal.com\/de\/glamping-lot\/\" target=\"_self\">Weiterlesen<span class=\"screen-reader-text\">: Der Geist des Glamping<\/span><\/a><\/div>\n\n<\/li><li class=\"wp-block-post post-6525 page type-page status-publish has-post-thumbnail hentry\">\n\n<div class=\"wp-block-group overflow-hidden gt-maillage has-global-padding is-layout-constrained wp-block-group-is-layout-constrained\">\n<figure class=\"wp-block-image gt-maillage__image\"><img decoding=\"async\" src=\"https:\/\/masdenadal.com\/wp-content\/uploads\/2025\/01\/aux-lodges-du-mas-le-pardais-des-sportifs-dans-le-lot.webp\" alt=\"Ein Paradies f\u00fcr Sportler\" style=\"aspect-ratio:3\/4;object-fit:cover\"\/><\/figure>\n\n\n\n<div class=\"wp-block-group gt-maillage__title has-global-padding is-content-justification-center is-layout-constrained wp-container-core-group-is-layout-1a1d2b18 wp-block-group-is-layout-constrained\" style=\"border-bottom-color:var(--wp--preset--color--base);border-bottom-width:2px;padding-top:0.5rem;padding-bottom:0.5rem\">\n<p class=\"has-text-align-right has-base-color has-text-color has-link-color wp-elements-73c6c40f9dfc520c8d069128cf3eada1\" style=\"border-bottom-style:none;border-bottom-width:0px;font-size:clamp(0.875rem, 0.875rem + ((1vw - 0.2rem) * 0.708), 1.3rem);font-style:normal;font-weight:300;text-transform:uppercase\">Ein Paradies f\u00fcr Sportler<\/p>\n<\/div>\n\n\n<a class=\"is-style-lien-cover wp-block-read-more\" href=\"https:\/\/masdenadal.com\/de\/sportliche-aktivitaten-lot\/\" target=\"_self\">Weiterlesen<span class=\"screen-reader-text\">: Ein Paradies f\u00fcr Sportler<\/span><\/a><\/div>\n\n<\/li><\/ul><\/div>\n<\/div>\n<\/section>\n","protected":false},"excerpt":{"rendered":"<p>Die Naturverpflichtungen unseres Campingplatzes in Causses du Quercy Auf Mas de Nadal, im Park Causses du Quercy, ist es uns ein Anliegen, die gr\u00fcne Umgebung zu erhalten, in der wir Sie empfangen. Mit einer Buchung auf unserem Landgut in der N\u00e4he von Saint-Cirq-Lapopieentscheiden Sie sich f\u00fcr einen Campingplatz mit einem starken Engagement f\u00fcr die Umwelt. [&hellip;]<\/p>\n","protected":false},"author":1,"featured_media":6378,"parent":0,"menu_order":0,"comment_status":"closed","ping_status":"closed","template":"","meta":{"_acf_changed":false,"_seopress_robots_primary_cat":"","_seopress_titles_title":"Campingplatz mit Verpflichtungen und G\u00fctesiegeln in der N\u00e4he von Saint-Cirq-Lapopie","_seopress_titles_desc":"Das Glamping Mas de Nadal liegt in einer au\u00dfergew\u00f6hnlichen Naturlandschaft im Departement Lot und engagiert sich f\u00fcr den Schutz seiner Umwelt durch t\u00e4gliche Gesten und regionale Labels.","_seopress_robots_index":"","_gt_ctv_global_id":"","_gt_ctv_id_group":false,"inline_featured_image":false,"gt_fse_maillage_image":"https:\/\/masdenadal.com\/wp-content\/uploads\/2025\/01\/camping-label-nature.webp","gt_fse_maillage_titre":"Unsere Verpflichtungen und Labels","gt_fse_maillage_alt":"Unsere Verpflichtungen und Labels","gt_fse_maillage_resume":"","footnotes":""},"categories":[],"tags":[],"class_list":["post-6372","page","type-page","status-publish","has-post-thumbnail","hentry"],"acf":[],"_links":{"self":[{"href":"https:\/\/masdenadal.com\/de\/wp-json\/wp\/v2\/pages\/6372","targetHints":{"allow":["GET"]}}],"collection":[{"href":"https:\/\/masdenadal.com\/de\/wp-json\/wp\/v2\/pages"}],"about":[{"href":"https:\/\/masdenadal.com\/de\/wp-json\/wp\/v2\/types\/page"}],"author":[{"embeddable":true,"href":"https:\/\/masdenadal.com\/de\/wp-json\/wp\/v2\/users\/1"}],"replies":[{"embeddable":true,"href":"https:\/\/masdenadal.com\/de\/wp-json\/wp\/v2\/comments?post=6372"}],"version-history":[{"count":3,"href":"https:\/\/masdenadal.com\/de\/wp-json\/wp\/v2\/pages\/6372\/revisions"}],"predecessor-version":[{"id":6801,"href":"https:\/\/masdenadal.com\/de\/wp-json\/wp\/v2\/pages\/6372\/revisions\/6801"}],"wp:featuredmedia":[{"embeddable":true,"href":"https:\/\/masdenadal.com\/de\/wp-json\/wp\/v2\/media\/6378"}],"wp:attachment":[{"href":"https:\/\/masdenadal.com\/de\/wp-json\/wp\/v2\/media?parent=6372"}],"wp:term":[{"taxonomy":"category","embeddable":true,"href":"https:\/\/masdenadal.com\/de\/wp-json\/wp\/v2\/categories?post=6372"},{"taxonomy":"post_tag","embeddable":true,"href":"https:\/\/masdenadal.com\/de\/wp-json\/wp\/v2\/tags?post=6372"}],"curies":[{"name":"wp","href":"https:\/\/api.w.org\/{rel}","templated":true}]}}