{"id":6336,"date":"2025-01-10T23:30:10","date_gmt":"2025-01-10T23:30:10","guid":{"rendered":"https:\/\/masdenadal.com\/mentions-legales\/"},"modified":"2025-01-27T15:25:31","modified_gmt":"2025-01-27T15:25:31","slug":"erwaehnung-von-rechtsgrundlagen","status":"publish","type":"page","link":"https:\/\/masdenadal.com\/de\/erwaehnung-von-rechtsgrundlagen\/","title":{"rendered":"RECHTLICHE HINWEISE"},"content":{"rendered":"\n<section class=\"wp-block-group alignfull gt-home-first overflow-hidden is-layout-flow wp-block-group-is-layout-flow\" style=\"padding-top:7rem;padding-right:0\">\n<div class=\"wp-block-group has-global-padding is-content-justification-center is-layout-constrained wp-container-core-group-is-layout-21dbf9c9 wp-block-group-is-layout-constrained\">\n<div class=\"wp-block-group has-medium-font-size is-content-justification-left is-layout-flex wp-container-core-group-is-layout-6f87b4d2 wp-block-group-is-layout-flex\">\n<figure class=\"wp-block-image size-full is-resized gt-illustration__vague animated fadeInLeft delay-100ms slow wp-duotone-d89b46-d89b46-1\" style=\"margin-top:0;margin-right:-100px;margin-bottom:0rem;margin-left:-10rem\"><img decoding=\"async\" src=\"https:\/\/masdenadal.com\/wp-content\/uploads\/2024\/12\/vagues.svg\" alt=\"Wellen\" class=\"wp-image-630\" style=\"width:300px\"\/><\/figure>\n\n\n\n<h1 class=\"wp-block-heading has-accent-5-color has-text-color has-link-color has-x-large-font-size wp-elements-4132fb20039cfb8508737d4f0799beaa wp-container-content-9cfa9a5a\">RECHTLICHE HINWEISE<\/h1>\n<\/div>\n\n\n\n<h2 class=\"wp-block-heading ls-paragraph has-accent-3-color has-text-color has-link-color wp-elements-bbcc608d27405bbd535a13c46e2a4e1b\"><strong>Verantwortlich f\u00fcr die Website<\/strong><\/h2>\n\n\n\n<p><strong>NADAL EVASION<\/strong><br\/>SIRET 925 195 042 00013 &#8211; APE Code 5530Z<br\/>Intrakommunale MwSt.-Nr. FR 925 195 042<\/p>\n\n\n\n<ul class=\"wp-block-list\">\n<li><strong>Adresse<\/strong> <strong>:<\/strong> 400, Chemin du Mas de Nadal &#8211; 46330 Sauliac-sur-C\u00e9l\u00e9 &#8211; FRANCE<\/li>\n\n\n\n<li><strong>Verantwortlich f\u00fcr die Ver\u00f6ffentlichung<\/strong>: Brice Collier &#8211; lodges@masdenadal.com<\/li>\n\n\n\n<li><strong>Webmaster<\/strong>: GEEK TONIC<\/li>\n\n\n\n<li><strong>Host<\/strong>: OVH &#8211; 2 rue kellermann &#8211; BP 80157 &#8211; 59053 ROUBAIX Cedex 1<\/li>\n<\/ul>\n\n\n\n<h3 class=\"wp-block-heading\">Realisierung<\/h3>\n\n\n\n<p><strong>GEEK TONIC<\/strong><br\/>Vertreten durch Herrn Yohan Darmayan in seiner Eigenschaft als Gesch\u00e4ftsf\u00fchrer<br\/>Eingetragener Sitz: 50 AV. DU LAC MARION 64200 BIARRITZ<br\/>Tel.: 05 32 74 11 52<br\/>E-mail: support@geek-tonic.com<br\/>Website: <a href=\"\">www.geek-tonic.com<\/a><br\/>SIRET: 89746755100015<br\/>APE: 6201Z <\/p>\n\n\n\n<h3 class=\"wp-block-heading\">Urheberrecht und Copyrights<\/h3>\n\n\n\n<p>Der gesamte Inhalt dieser Website unterliegt dem Urheberrecht sowie dem geistigen Eigentum der franz\u00f6sischen Gesetzgebung. Jede Vervielf\u00e4ltigung (einschlie\u00dflich Fotos, Icons und herunterladbarer Dokumente) ist ohne vorherige Zustimmung von GEEK TONIC untersagt. Die Vervielf\u00e4ltigung der gesamten Website oder eines Teils davon in Papierform oder in elektronischer Form auf einem elektronischen Datentr\u00e4ger ist verboten. GEEK TONIC \u00fcbernimmt keine Verantwortung f\u00fcr den Inhalt auf der Website. GEEK TONIC \u00fcbernimmt auch keine Verantwortung f\u00fcr externe Links, die auf diese Website verweisen.   <\/p>\n\n\n\n<h3 class=\"wp-block-heading\"><strong>Fotos<\/strong> nicht vertraglich bindend<\/h3>\n\n\n\n<p>Die Fotos auf der Website www.masdenadal.com dienen der Veranschaulichung. Sie dienen der allgemeinen Darstellung unserer Dienstleistungen und Einrichtungen, sind aber nicht vertraglich bindend. Die Fotos k\u00f6nnen von der Realit\u00e4t abweichen, insbesondere aufgrund von Aktualisierungen, Verbesserungen oder Besonderheiten, die f\u00fcr jede Buchung gelten.  <\/p>\n\n\n\n<h3 class=\"wp-block-heading\" id=\"m-t-6\">Pers\u00f6nliche Daten und namentliche Informationen<\/h3>\n\n\n\n<p>Sie haben ein Recht auf Zugang, \u00c4nderung, Berichtigung und L\u00f6schung der Sie betreffenden Daten gem\u00e4\u00df Artikel 34 des Gesetzes &#8222;Informatique et Libert\u00e9s&#8220; Nr. 78-17 vom 6. Januar 1978, ge\u00e4ndert am 6. August 2018. Um dieses Zugangsrecht auszu\u00fcben, k\u00f6nnen Sie eine einfache schriftliche Anfrage an den Herausgeber der Website richten. <\/p>\n\n\n\n<h3 class=\"wp-block-heading\">Legalisierung<\/h3>\n\n\n\n<p class=\"ls-paragraph has-accent-5-color has-text-color has-link-color wp-elements-6e633ad1a8e5ac9b96bf374391c2cd07\">Gem\u00e4\u00df dem Gesetz vom 11. M\u00e4rz 1957 (Art. 41) und dem Gesetzbuch \u00fcber geistiges Eigentum vom 1. Juli 1992 ist es verboten, einen Teil der Website ohne vorherige Genehmigung des Herausgebers der Website teilweise oder vollst\u00e4ndig zu reproduzieren. Die Logos, Bilder, Fotos, Videos, Grafiken und Texte sind Eigentum ihrer jeweiligen Besitzer. Diese Website kann ohne ihr Wissen mit anderen Websites durch Hypermedia-Links verbunden sein. Der Herausgeber der Website \u00fcbernimmt keine Verantwortung f\u00fcr die Informationen auf diesen anderen Websites. Der Internetnutzer erkennt an, dass die Nutzung dieser Website dem franz\u00f6sischen Recht unterliegt.    <\/p>\n\n\n\n<div style=\"height:106px\" aria-hidden=\"true\" class=\"wp-block-spacer gt-hide-mobile\"><\/div>\n<\/div>\n<\/section>\n","protected":false},"excerpt":{"rendered":"<p>RECHTLICHE HINWEISE Verantwortlich f\u00fcr die Website NADAL EVASIONSIRET 925 195 042 00013 &#8211; APE Code 5530ZIntrakommunale MwSt.-Nr. FR 925 195 042 Realisierung GEEK TONICVertreten durch Herrn Yohan Darmayan in seiner Eigenschaft als Gesch\u00e4ftsf\u00fchrerEingetragener Sitz: 50 AV. DU LAC MARION 64200 BIARRITZTel.: 05 32 74 11 52E-mail: support@geek-tonic.comWebsite: www.geek-tonic.comSIRET: 89746755100015APE: 6201Z Urheberrecht und Copyrights Der gesamte [&hellip;]<\/p>\n","protected":false},"author":1,"featured_media":6351,"parent":0,"menu_order":0,"comment_status":"closed","ping_status":"closed","template":"","meta":{"_acf_changed":false,"_seopress_robots_primary_cat":"","_seopress_titles_title":"Rechtliche Hinweise - Aux Lodges du Mas de Nadal","_seopress_titles_desc":"","_seopress_robots_index":"","_gt_ctv_global_id":"","_gt_ctv_id_group":false,"inline_featured_image":false,"gt_fse_maillage_image":"https:\/\/masdenadal.com\/wp-content\/uploads\/2025\/01\/Glamping-mas-de-nadal.webp","gt_fse_maillage_titre":"RECHTLICHE HINWEISE","gt_fse_maillage_alt":"RECHTLICHE HINWEISE","gt_fse_maillage_resume":"","footnotes":""},"categories":[],"tags":[],"class_list":["post-6336","page","type-page","status-publish","has-post-thumbnail","hentry"],"acf":[],"_links":{"self":[{"href":"https:\/\/masdenadal.com\/de\/wp-json\/wp\/v2\/pages\/6336","targetHints":{"allow":["GET"]}}],"collection":[{"href":"https:\/\/masdenadal.com\/de\/wp-json\/wp\/v2\/pages"}],"about":[{"href":"https:\/\/masdenadal.com\/de\/wp-json\/wp\/v2\/types\/page"}],"author":[{"embeddable":true,"href":"https:\/\/masdenadal.com\/de\/wp-json\/wp\/v2\/users\/1"}],"replies":[{"embeddable":true,"href":"https:\/\/masdenadal.com\/de\/wp-json\/wp\/v2\/comments?post=6336"}],"version-history":[{"count":6,"href":"https:\/\/masdenadal.com\/de\/wp-json\/wp\/v2\/pages\/6336\/revisions"}],"predecessor-version":[{"id":7253,"href":"https:\/\/masdenadal.com\/de\/wp-json\/wp\/v2\/pages\/6336\/revisions\/7253"}],"wp:featuredmedia":[{"embeddable":true,"href":"https:\/\/masdenadal.com\/de\/wp-json\/wp\/v2\/media\/6351"}],"wp:attachment":[{"href":"https:\/\/masdenadal.com\/de\/wp-json\/wp\/v2\/media?parent=6336"}],"wp:term":[{"taxonomy":"category","embeddable":true,"href":"https:\/\/masdenadal.com\/de\/wp-json\/wp\/v2\/categories?post=6336"},{"taxonomy":"post_tag","embeddable":true,"href":"https:\/\/masdenadal.com\/de\/wp-json\/wp\/v2\/tags?post=6336"}],"curies":[{"name":"wp","href":"https:\/\/api.w.org\/{rel}","templated":true}]}}